{"id":3433,"date":"2022-01-14T11:11:40","date_gmt":"2022-01-14T11:11:40","guid":{"rendered":"https:\/\/puhver.ee\/kasutustingimused\/"},"modified":"2022-01-14T11:11:40","modified_gmt":"2022-01-14T11:11:40","slug":"kasutustingimused","status":"publish","type":"page","link":"https:\/\/puhver.ee\/ru\/kasutustingimused\/","title":{"rendered":"Kasutustingimused"},"content":{"rendered":"<p class=\"wp-el\"><a class=\"btn-contract\" style=\"display:flex;align-items:center;color:#000;max-width: 14rem;\" href=\"https:\/\/puhver.ee\/wp-content\/uploads\/2022\/04\/Puhver-Laod-uurilepingu-naidis.pdf\"><img decoding=\"async\" style=\"width:30px;margin-right:1rem;\" src=\"https:\/\/puhver.ee\/wp-content\/uploads\/2022\/03\/document-icon.png\" alt=\"\u00fc\u00fcrilepingu n\u00e4idis\"><span>\u00dc\u00fcrilepingu n\u00e4idis<\/span><\/a><\/p><h2 class=\"wp-el wp-block-heading\" id=\"lepingu-objekt\"><strong>Lepingu objekt<\/strong><\/h2><p class=\"wp-el\">\u00dc\u00fcrileandja annab \u00dc\u00fcrnikule kasutamiseks Hoones \u00dc\u00fcripinna ning \u00dc\u00fcrnik kohustub \u00dc\u00fcrileandjale selle<br>kasutamise eest tasuma \u00dc\u00fcritasu. \u00dc\u00fcripinna asukoht, suurus ja \u00dc\u00fcritasu on s\u00e4testatud Lepingu<br>Eritingimustes.<\/p><p class=\"wp-el\">Hoones asuvad ruumid on k\u00f6etud ning tagatud \u00fcldvalgusega. Hoone sissep\u00e4\u00e4sudes ja \u00dcldkasutatavates<br>ruumides on videovalve. \u00dc\u00fcripind on metallist vaheseinte ning \u00fclalt sisenemist takistava turvav\u00f5rguga<br>piiratud pind Hoones.<\/p><p class=\"wp-el\">\u00dc\u00fcripind on kasutatav \u00fcksnes laoruumina esemete hoiustamiseks.<\/p><p class=\"wp-el\">\u00dc\u00fcripind on lukustatav elektroonilise lukuga, mille juhtimine toimub l\u00e4bi Storage Smart Entry<br>nutirakenduse (<a href=\"https:\/\/noke.app\" target=\"_blank\" rel=\"noopener\">https:\/\/noke.app<\/a>).<\/p><p class=\"wp-el\">\u00dc\u00fcripinna lukustamiseks on \u00dc\u00fcrnikul vajalik oma nutiseadmesse alla laadida Storage Smart Entry<br>nutirakendus.<\/p><h2 class=\"wp-el wp-block-heading\" id=\"lepingu-kehtivus-1\"><strong>Lepingu kehtivus<\/strong><\/h2><p class=\"wp-el\">Leping j\u00f5ustub selle allkirjastamisel. \u00dc\u00fcritasu arvestamine algab Eritingimustes m\u00e4rgitud<br>\u00dcleandmisp\u00e4eval.<\/p><p class=\"wp-el\">\u00dc\u00fcrnikul tekib \u00f5igus \u00dc\u00fcripinna kasutamiseks \u00dcleandmisp\u00e4eval, kuid mitte varem kui Tagatisraha ja\/v\u00f5i<br>esimese kuu \u00dc\u00fcritasu on laekunud \u00dc\u00fcrileandja arveldusarvele. Kui Tagatisraha ja\/v\u00f5i esimese kuu<br>\u00dc\u00fcritasu ei ole laekunud \u00dc\u00fcrileandja arveldusarvele 7 (seitsme) p\u00e4eva jooksul p\u00e4rast kokkulepitud<br>\u00dcleandmisp\u00e4eva, loetakse Leping l\u00f5ppenuks.<\/p><p class=\"wp-el\">\u00dc\u00fcrileping v\u00f5ib olla nii t\u00e4htajaline kui t\u00e4htajatu. \u00dc\u00fcrilepingu t\u00e4htaeg m\u00e4\u00e4ratakse Eritingimustes.<\/p><h3 class=\"wp-el wp-block-heading\" id=\"tahtajaline-leping\">T\u00e4htajaline Leping<\/h3><p class=\"wp-el\">T\u00e4htajaline leping l\u00f5ppeb Eritingimustes etten\u00e4htud t\u00e4htajal v\u00f5i muudel Lepingus<br>s\u00e4testatud juhtudel ja alustel.<\/p><p class=\"wp-el\">\u00dc\u00fcrileandjal on \u00f5igus l\u00f5petada leping \u00fchepoolselt kui \u00dc\u00fcrnik rikub k\u00e4esoleva lepingu<br>tingimusi v\u00f5i Hoone kodukorda, mis on k\u00e4ttesaadav \u00dc\u00fcrileandja kodulehel<br><a href=\"https:\/\/puhver.ee\/ru\/\"><a href=\"https:\/\/puhver.ee\/ru\/\">https:\/\/puhver.ee<\/a><\/a><\/p><p class=\"wp-el\">Kui \u00dc\u00fcrnik l\u00f5petab t\u00e4htajalisena s\u00f5lmitud Lepingu enne Eritingimustes kokku lepitud<br>t\u00e4htaega, kohustub ta h\u00fcvitama \u00dc\u00fcrileandjale k\u00f5ik v\u00f5rreldes Lepingu s\u00f5lmimise hetkel<br>kehtinud hinnakirjaga saadud soodustused ja allahindlused.<\/p><h3 class=\"wp-el wp-block-heading\" id=\"tahtajatu-leping\">T\u00e4htajatu Leping<\/h3><p class=\"wp-el\">T\u00e4htajatu lepingu l\u00f5petamiseks teavitab lepingut l\u00f5petada sooviv Pool teist Poolt kirjalikult<br>1 (\u00fcks) kuu ette.<\/p><p class=\"wp-el\">Juhul, kui \u00dc\u00fcrnik ei ole tasunud ettemaksuna \u00dc\u00fcri ning \u00dc\u00fcri maksmise t\u00e4htaeg on<br>\u00fcletatud 7 (seitse) kalendrip\u00e4eva, on \u00dc\u00fcrileandjal \u00f5igus, aga mitte kohustus, leping<br>\u00fchepoolselt l\u00f5petada.<\/p><p class=\"wp-el\">Lepingu l\u00f5petamine ei vabasta \u00dc\u00fcrnikku v\u00f5lgnevuses oleva(te) arve(te) tasumisest.<\/p><h2 class=\"wp-el wp-block-heading\" id=\"uur-ja-korvalkulud\"><strong>\u00dc\u00fcr ja k\u00f5rvalkulud<\/strong><\/h2><p class=\"wp-el\">\u00dc\u00fcrniku poolt \u00dc\u00fcripinna kasutamise eest \u00dc\u00fcrileandjale tasumisele kuuluv summa on s\u00e4testatud Lepingu<br>eritingimustes.<\/p><p class=\"wp-el\">\u00dc\u00fcritasu sisaldab k\u00e4ibemaksu kehtivas m\u00e4\u00e4ras.<\/p><p class=\"wp-el\">\u00dc\u00fcritasu sisaldab k\u00f5rvalkulusid nagu Hoone \u00fcldelektrienergia, k\u00fcte, \u00fcldkasutatavate pindade koristus,<br>Storage Smart Entry nutirakenduse kuutasu, videovalve, automaatne tulekahjusignalisatsioon.<\/p><p class=\"wp-el\">Pooled on kokku leppinud, et 12 (kaheteistk\u00fcmne) kuu m\u00f6\u00f6dumisel \u00dcleandmist\u00e4htp\u00e4evast ning sellele<br>j\u00e4rgnevalt iga 12 (kaheteistk\u00fcmne) kuu m\u00f6\u00f6dumisel suureneb \u00dc\u00fcritasu automaatselt, ilma Poolte<br>t\u00e4iendava kirjaliku kokkuleppeta 5% (viie protsendi) v\u00f5rra v\u00f5rreldes sel hetkel kehtiva \u00dc\u00fcriga.<\/p><p class=\"wp-el\">\u00dc\u00fcrnik maksab \u00dc\u00fcri automaatse korduvmaksega v\u00f5i maksealgatuse teenuse (Pangalink) kaudu<br><a href=\"https:\/\/puhver.ee\/ru\/\"><a href=\"https:\/\/puhver.ee\/ru\/\">https:\/\/puhver.ee<\/a><\/a> veebilehel.<\/p><p class=\"wp-el\">\u00dc\u00fcri tasumine toimub ettemaksena j\u00e4rgmise kuuajalise perioodi eest.<\/p><p class=\"wp-el\">V\u00f5lgnevuse korral sulgub \u00dc\u00fcrnikule juurdep\u00e4\u00e4s Hoonesse ja \u00dc\u00fcripinnale.<br>Ligip\u00e4\u00e4s Hoonesse ja \u00dc\u00fcripinnale taastub hiljemalt 2 (kahe) t\u00f6\u00f6p\u00e4eva jooksul peale v\u00f5lgnevuse<br>laekumist \u00dc\u00fcrileandja arveldusarvele.<\/p><p class=\"wp-el\">\u00dc\u00fcrileandjal on \u00f5igus muuta \u00dc\u00fcritasu, teatades sellest \u00dc\u00fcrnikule kirjalikku taasesitamist v\u00f5imaldavas<br>vormis v\u00e4hemalt 2 (kaks) kuud ette. Kui \u00dc\u00fcrnik ei n\u00f5ustu \u00dc\u00fcritasu muutmisega, on \u00dc\u00fcrnikul \u00f5igus Leping<br>l\u00f5petada, teatades sellest 1 (\u00fcks) kuu ette.<\/p><h3 class=\"wp-el wp-block-heading\" id=\"lisateenused\">Lisateenused<\/h3><p class=\"wp-el\">V\u00f5imalikud lisateenused ning nende hinnad on nimetatud \u00dc\u00fcrileandja kodulehel <a href=\"https:\/\/puhver.ee\/ru\/\">https:\/\/puhver.ee<\/a><\/p><h2 class=\"wp-el wp-block-heading\" id=\"uuripinna-uleandmine\"><strong>\u00dc\u00fcripinna \u00fcleandmine<\/strong><\/h2><p class=\"wp-el\">Leping j\u00f5ustub p\u00e4rast k\u00e4esoleva lepingu allkirjastamist m\u00f5lema Poole poolt ning esimese kuu \u00dc\u00fcrimakse<br>ning Tagatisraha laekumist \u00dc\u00fcrileandja arveldusarvele.<\/p><p class=\"wp-el\">\u00dc\u00fcrileandja aktiveerib Lepingu \u00dcleandmise p\u00e4evaks \u00dc\u00fcrnikule juurdep\u00e4\u00e4su\u00f5iguse Storage Smart Entry<br>nutirakenduses.<\/p><p class=\"wp-el\">Hoone \u00dcldkasutatavatele pindadele ning \u00dc\u00fcripinnale sissep\u00e4\u00e4suks vajalike uste avamine toimub l\u00e4bi<br>Storage Smart Entry nutirakenduse.&nbsp;<\/p><h2 class=\"wp-el wp-block-heading\" id=\"uuripinna-kasutamine-tagastamine-poolte-vastutus-kindlustus\"><strong>\u00dc\u00fcripinna kasutamine, tagastamine. Poolte vastutus. Kindlustus<\/strong><\/h2><h3 class=\"wp-el wp-block-heading\" id=\"uuripinna-kasutamine\">\u00dc\u00fcripinna kasutamine<\/h3><p class=\"wp-el\">\u00dc\u00fcripinna kasutusotstarve on laopind. \u00dc\u00fcripinna kasutusotstarvet v\u00f5ib muuta ning \u00dc\u00fcripinnale v\u00f5ib<br>muudatusi teha \u00fcksnes \u00dc\u00fcrileandja eelneval kirjalikul n\u00f5usolekul.<\/p><p class=\"wp-el\">\u00dc\u00fcripinna suurim lubatud \u00fchtlaselt jaotatud p\u00f5randakoormus ei tohi \u00fcletada: Hoiu 14 (Puhver 1)<br>hoones 500 kg\/m2 ja Keldri 5 (Puhver 2) hoones 1000 kg\/m2.<\/p><p class=\"wp-el\">\u00dc\u00fcripinna kasutamisel tuleb j\u00e4rgida Hoone kodukorda, mis on k\u00e4ttesaadav \u00dc\u00fcrileandja kodulehel<br><a href=\"https:\/\/puhver.ee\/ru\/\"><\/a><a href=\"https:\/\/puhver.ee\/ru\/\">https:\/\/puhver.ee<\/a><\/p><h3 class=\"wp-el wp-block-heading\" id=\"uurileandja-kohustused\">\u00dc\u00fcrileandja kohustused<\/h3><p class=\"wp-el\">\u00dc\u00fcrileandja kohustub v\u00f5im<\/p><p class=\"wp-el\">\u00dc\u00fcrileandja kohustub v\u00f5imaldama \u00dc\u00fcrnikul kasutada \u00dc\u00fcripinda vastavalt Lepingu tingimustele<br>ning mitte sekkuma \u00dc\u00fcrniku tegevusse, v\u00e4lja arvatud juhul, kui nimetatud vajadus tekib<br>\u00f5igusaktidest tulenevalt v\u00f5i on vajalik Hoone v\u00f5i \u00dc\u00fcripinna s\u00e4ilimise tagamiseks. \u00dc\u00fcrileandja<br>kohustub k\u00f5rvaldama puudused v\u00f5i takistused, mis piiravad \u00dc\u00fcripinna sihtotstarbelist kasutamist<br>m\u00f5istliku aja jooksul puudusest v\u00f5i takistusest teada saamisest.<\/p><h3 class=\"wp-el wp-block-heading\" id=\"uurniku-kohustused\">\u00dc\u00fcrniku kohustused<\/h3><p class=\"wp-el\">\u00dc\u00fcrnik kohustub Hoonet ja \u00dc\u00fcripinda kasutama heaparemehelikult ja vastavalt Lepingu<br>tingimustele, arvestades teiste Hoone kasutajate huvidega ning j\u00e4rgima Hoone ja\/v\u00f5i \u00dc\u00fcripinna<br>kasutamise kohta Sisekorda, \u00fcldkehtivaid avaliku korra-, tulet\u00f5rje-, tervisekaitse-, turva- ja<br>ohutusn\u00f5udeid ning seadusi.<\/p><p class=\"wp-el\">\u00dc\u00fcripinda v\u00f5ib kasutada \u00fcksnes kuivade ja l\u00f5hnatute ainete ja esemete hoiustamiseks.<\/p><p class=\"wp-el\">\u00dc\u00fcripinnal on keelatud hoiustada:<\/p><ul class=\"wp-el wp-block-list\"><li>keskkonnale ja inimeste tervisele ohtlike aineid ja vedelikke;<\/li>\n\n<li>kergesti ja\/v\u00f5i iseenesest s\u00fcttivad aineid;<\/li>\n\n<li>relvi, l\u00f5hkeaineid ja laskemoona;<\/li>\n\n<li>narkootilisi aineid;<\/li>\n\n<li>kokkusurutud gaase, s.h aerosoolid, m\u00fcrgised aineid, radioaktiivsed aineid, s\u00f6\u00f6vitavad<\/li>\n\n<li>aineid;<\/li>\n\n<li>r\u00f5hu all olevat porolooni, pol\u00fcestrit;<\/li>\n\n<li>puitu ja porolooni (v\u00e4lja arvatud kui need on osa hoiustatavast m\u00f6\u00f6blist);<\/li>\n\n<li>elusloomi, -linde ja -kalu;<\/li><\/ul><p class=\"wp-el\">\u00dc\u00fcrnik v\u00f5ib ladustada oma esemeid \u00fcksnes tema poolt \u00fc\u00fcritud \u00dc\u00fcripinnal. Asjade hoidmine<br>v\u00e4ljaspool \u00dc\u00fcripinda, sh \u00dcldkasutatavates ruumides, koridorides ja Kinnistul on keelatud.<br>\u00dc\u00fcrileandjal on \u00f5igus \u00dcldkasutatavatesse ruumidesse paigutatud vara ette hoiatamata eemaldada<br>ning n\u00f5uda eemaldamisega seotud kulud sisse nimetatud vara omanikult ja\/v\u00f5i keelatud kohta<br>paigaldajalt. \u00dc\u00fcrileandja ei vastuta sellise vara s\u00e4ilimise eest ning on \u00f5igustatud vara hindamata<br>selle keelatud kohast eemaldama ja\/v\u00f5i utiliseerima ilma kedagi ette hoiatamata ja selle eest<br>kahjutasu maksmata.<\/p><p class=\"wp-el\">\u00dc\u00fcrnik on kohustatud veenduma, et \u00dc\u00fcripinnalt lahkudes on tema \u00dc\u00fcripinna uks lukustatud ja<br>Hoonest lahkudes Hoone uks(ed) sulgunud\/lukustunud.<\/p><p class=\"wp-el\">Keelatud on seintesse, p\u00f5randasse v\u00f5i lakke aukude tegemine ja\/v\u00f5i riputuskonksude v\u00f5i muude<br>kinnitusvahendite paigaldamine.<\/p><p class=\"wp-el\">\u00dc\u00fcrnik kohustub mitte paigaldama ega hoidma v\u00e4ljaspool \u00dc\u00fcripinda oma kaubam\u00e4rke, reklaame,<br>silte, kleebiseid.<\/p><p class=\"wp-el\">\u00dc\u00fcripinnal \u00f6\u00f6bimine on rangelt keelatud.<\/p><p class=\"wp-el\">\u00dc\u00fcrnikul ei ole \u00f5igust anda \u00dc\u00fcripinda all\u00fc\u00fcrile kolmandatele isikutele.<\/p><p class=\"wp-el\">Parkimine Kinnistu territooriumil toimub ainult \u00dc\u00fcrileandja poolt t\u00e4histatud parkimiskohtadel. <\/p><p class=\"wp-el\">Parkimine Puhver 1 liftiukse sissep\u00e4\u00e4su ees on lubatud ainult kauba laadimise ajaks.<\/p><p class=\"wp-el\">\u00dc\u00fcrnik on kohustatud ladustama oma asjad \u00fc\u00fcripinnal minimaalselt 12 cm k\u00f5rgusel p\u00f5randast<\/p><h3 class=\"wp-el wp-block-heading\" id=\"uuripinna-tagastamine\">\u00dc\u00fcripinna tagastamine<\/h3><p class=\"wp-el\">Lepingu l\u00f5ppedes mistahes alusel on \u00dc\u00fcrnik kohustatud \u00dc\u00fcripinna \u00dc\u00fcrileandjale tagastama<br>Lepingu l\u00f5ppemise p\u00e4eval v\u00e4hemalt samas seisukorras nagu see anti \u00fcle \u00dc\u00fcrnikule, arvestades<br>loomulikku kulumist.<\/p><p class=\"wp-el\">Lepingu l\u00f5ppemise p\u00e4eval t\u00fchjendab ja koristab \u00dc\u00fcrnik \u00dc\u00fcripinna. \u00dc\u00fcrnikul on keelatud j\u00e4tta<br>p\u00e4rast Lepingu l\u00f5ppemist \u00dc\u00fcripinnale v\u00f5i Hoone \u00dcldkasutatavatele pindadele oma vara.<br>\u00dc\u00fcrileandjal on \u00f5igus selline vara ette hoiatamata eemaldada ning n\u00f5uda eemaldamisega seotud<br>kulud sisse \u00dc\u00fcrnikult. \u00dc\u00fcrileandja ei vastuta sellise vara s\u00e4ilimise eest ning on \u00f5igustatud vara<br>hindamata selle eemaldama ja\/v\u00f5i utiliseerima ilma \u00dc\u00fcrnikku ette hoiatamata ja selle eest<br>kahjutasu maksmata.<\/p><p class=\"wp-el\">Kui \u00dc\u00fcrnik viivitab \u00dc\u00fcripinna tagastamisega v\u00f5i ei t\u00fchjenda ja korista \u00dc\u00fcripinda Lepingu l\u00f5ppemise<br>p\u00e4evaks, on \u00dc\u00fcrileandjal \u00f5igus n\u00f5uda leppetrahvi iga viivitatud p\u00e4eva eest summas, mis v\u00f5rdub<br>\u00dc\u00fcripinna eest tasumisele kuuluva \u00dc\u00fcri kahekordse p\u00e4evam\u00e4\u00e4raga.<\/p><h3 class=\"wp-el wp-block-heading\" id=\"uurileandja-vastutus\">\u00dc\u00fcrileandja vastutus<\/h3><p class=\"wp-el\">\u00dc\u00fcrileandja tagab \u00dc\u00fcrnikule ligip\u00e4\u00e4su Hoonele ja \u00dc\u00fcripinnale kogu lepingu kehtivuse ajal.<\/p><p class=\"wp-el\">\u00dc\u00fcrileandja tagab Hoones olevate k\u00fctte-, elektri-, ventilatsiooni-, vee- ja kanalisatsiooniseadmete<br>tehnilise korrashoiu ja tuleohutusn\u00f5uetele vastava seisundi.<\/p><p class=\"wp-el\">\u00dc\u00fcrileandja hoiab kogu Lepingu kehtivuse ajal kehtivana kindlustuslepingu, mis katab: varalise<br>kahju koguriskikindlustus kogu Hoone taastamisv\u00e4\u00e4rtuse summa ulatuses, ja vastutuskindlustus<br>mistahes Hoonest kui sellisest v\u00f5i mistahes ehituslikest vigadest tuleneva kahju. \u00dc\u00fcripinnal oleva<br>vara kindlustamise eest vastutab \u00dc\u00fcrnik.<\/p><h3 class=\"wp-el wp-block-heading\" id=\"uurniku-vastutus\">\u00dc\u00fcrniku vastutus<\/h3><p class=\"wp-el\">\u00dc\u00fcrnik kohustub kasutama \u00dc\u00fcripinda vastavalt Lepingu tingimustele.<\/p><p class=\"wp-el\">\u00dc\u00fcrnik kohustub teavitama \u00dc\u00fcrileandjat viivitamatult Hoone ja\/v\u00f5i \u00dc\u00fcripinna kasutamist<br>takistavatest asjaoludest, samuti igast Hoonet ja\/v\u00f5i \u00dc\u00fcripinda kahjustavast s\u00fcndmusest (avarii,<br>tulekahju, vandalism) v\u00f5i ohust sellise s\u00fcndmuse tekkimiseks, v\u00f5ttes tarvitusele abin\u00f5ud edasise<br>kahju \u00e4rahoidmiseks.<\/p><p class=\"wp-el\">\u00dc\u00fcrnikul on kohustus tagada \u00dc\u00fcrileandjale juurdep\u00e4\u00e4s \u00dc\u00fcripinnale vajalike hooldus- ja<br>remondit\u00f6\u00f6de teostamiseks. Vastavasisulisest soovist teavitab \u00dc\u00fcrileandja ette v\u00e4hemalt 7 (seitse)<br>p\u00e4eva. H\u00e4davajaduse (avarii, tulekahju vms) korral v\u00f5i selle \u00e4rahoidmiseks on \u00dc\u00fcrileandjal \u00f5igus<br>siseneda \u00dc\u00fcripinnale \u00dc\u00fcrnikku ette teatamata.<\/p><p class=\"wp-el\">\u00dc\u00fcrnik kohustub lubama \u00dc\u00fcrileandjal kontrollida \u00dc\u00fcripinna kasutamist t\u00f6\u00f6p\u00e4evadel vastavalt<br>Lepingu tingimustele. Vastavasisulisest soovist teavitab \u00dc\u00fcrileandja ette v\u00e4hemalt 24<br>(kaksk\u00fcmmend neli) tundi.<\/p><h3 class=\"wp-el wp-block-heading\" id=\"tagatisraha-trahvid-viivised-pandioigus\">Tagatisraha, trahvid, viivised, pandi\u00f5igus<\/h3><p class=\"wp-el\">\u00dc\u00fcrnik tasub \u00dc\u00fcrileandjale Lepingu s\u00f5lmimise tagatisraha. Tagatisraha suurus on m\u00e4\u00e4ratud<br>Eritingimustes. \u00dc\u00fcrileandjal on \u00f5igus kasutada Tagatisraha \u00dc\u00fcrniku Lepingust tuleneva mis tahes<br>sissen\u00f5utavaks muutunud kohustuse t\u00e4itmise katteks, tehes vastava tasaarvestuse. Tagatisraha arvel<br>\u00dc\u00fcrileandja n\u00f5uete rahuldamine ei heasta \u00dc\u00fcrniku rikkumist ning \u00dc\u00fcrnikul on kohustus tagatisraha<br>viivitamatult Lepingus s\u00e4testatud summani taastada. \u00dc\u00fcrnikul ei ole \u00f5igust kasutada tagatisraha \u00dc\u00fcri v\u00f5i<br>Lisateenuste tasaarveldamiseks. Tagatisrahalt ei arvestata ega tasuta \u00dc\u00fcrnikule intressi. Tagatisraha<br>tagastatakse \u00dc\u00fcrnikule hiljemalt 7 (seitsme) p\u00e4eva jooksul p\u00e4rast Lepingu l\u00f5ppemist, kui \u00dc\u00fcrileandja ei<br>ole esitanud \u00dc\u00fcrniku vastu Lepingust tulenevat n\u00f5uet.<\/p><p class=\"wp-el\">Juhul kui \u00dc\u00fcrnik on maksega viivitatud rohkem kui 7 (seitse) p\u00e4eva, loetakse \u00dc\u00fcrileping l\u00f5ppenuks ning<br>\u00dc\u00fcrileandja poolt loetakse rakendatuks \u00dc\u00fcrileandja pandi\u00f5igus \u00dc\u00fcripinnal asuva vara suhtes. \u00dc\u00fcrileandja<br>ei ole kohustatud sellisel juhul saatma \u00dc\u00fcrnikule eraldi hoiatust, pandi\u00f5iguse rakendamise v\u00f5i lepingu<br>erakorralise \u00fcles\u00fctlemise teadet.<\/p><p class=\"wp-el\">Lepingus s\u00e4testatud maksekohustustega viivitamisel rakendatakse viivist 0,05% \u00f5igeaegselt tasumata<br>summalt iga viivitatud p\u00e4eva eest.<\/p><p class=\"wp-el\">Juhul kui \u00dc\u00fcrnik rikub muud kohustust peale \u00dc\u00fcri maksmise, siis on \u00dc\u00fcrileandjal \u00f5igus n\u00f5uda kahjude<br>h\u00fcvitamist ning leppetrahvi kuni 1 (\u00fche) kuu \u00dc\u00fcri ulatuses.<\/p><p class=\"wp-el\">\u00dc\u00fcrileandjal on \u00f5igus kasutada oma n\u00f5uete tagamiseks pandi\u00f5igust \u00dc\u00fcripinnal ja\/v\u00f5i Hoones asuva<br>\u00dc\u00fcrniku vara suhtes V\u00f5la\u00f5igusseaduse \u00a7305-307 t\u00e4henduses.<\/p><h2 class=\"wp-el wp-block-heading\" id=\"teated\"><strong>Teated<\/strong><\/h2><p class=\"wp-el\">Kui Lepingu eritingimustes s\u00e4testatud kontaktandmed muutuvad, siis on Pool kohustatud viivitamatult<br>teatama teisele Poolele oma uued kontaktandmed.<\/p><p class=\"wp-el\">K\u00f5ik Lepingu muutmisega seotud teated, koosk\u00f5lastused, pretensioonid, edastatakse teisele Poolele kas<br>kulleri, t\u00e4hitud kirja v\u00f5i e-posti teel. Selline teadete edastamine toimub vastavalt Poole Lepingus<br>s\u00e4testatud aadressil v\u00f5i e-posti aadressil.<\/p><h2 class=\"wp-el wp-block-heading\" id=\"muud-tingimused\"><strong>Muud tingimused<\/strong><\/h2><p class=\"wp-el\">Lepingust tulenevate \u00dc\u00fcrileandja \u00f5iguste ja kohustuste \u00fcleminekul mistahes p\u00f5hjusel, v\u00e4listavad Pooled<br>k\u00e4esoleva \u00dc\u00fcrileandja vastutuse \u00dc\u00fcrnikule tekitatud kahju eest seoses kohustuste rikkumise v\u00f5i Lepingu<br>l\u00f5ppemisega.<\/p><p class=\"wp-el\">Lepingu j\u00f5ustumisel loevad Pooled kehtetuks k\u00f5ik Poolte vahel seni s\u00f5lmitud kirjalikud ja suulised<br>Lepingu eset puudutavad kokkulepped.<\/p><p class=\"wp-el\">\u00dc\u00fcripinna kasutamise j\u00e4tkamist peale Lepingu t\u00e4htaja m\u00f6\u00f6dumist ei v\u00f5i automaatselt lugeda Lepingu<br>pikenemise aluseks.<\/p><p class=\"wp-el\">Lepinguga seotud vaidlused p\u00fc\u00fctakse lahendada vastastikustel l\u00e4bir\u00e4\u00e4kimistel. Kokkuleppe<br>mittesaavutamisel antakse vaidlus lahendada Harju Maakohtule.<\/p>","protected":false},"excerpt":{"rendered":"<p>\u00dc\u00fcrilepingu n\u00e4idis Lepingu objekt \u00dc\u00fcrileandja annab \u00dc\u00fcrnikule kasutamiseks Hoones \u00dc\u00fcripinna ning \u00dc\u00fcrnik kohustub \u00dc\u00fcrileandjale sellekasutamise eest tasuma \u00dc\u00fcritasu. \u00dc\u00fcripinna asukoht,&#8230;<\/p>\n","protected":false},"author":1,"featured_media":0,"parent":0,"menu_order":8010,"comment_status":"closed","ping_status":"closed","template":"","meta":{"_acf_changed":false,"inline_featured_image":false,"footnotes":""},"class_list":["post-3433","page","type-page","status-publish","hentry"],"acf":[],"_links":{"self":[{"href":"https:\/\/puhver.ee\/ru\/wp-json\/wp\/v2\/pages\/3433","targetHints":{"allow":["GET"]}}],"collection":[{"href":"https:\/\/puhver.ee\/ru\/wp-json\/wp\/v2\/pages"}],"about":[{"href":"https:\/\/puhver.ee\/ru\/wp-json\/wp\/v2\/types\/page"}],"author":[{"embeddable":true,"href":"https:\/\/puhver.ee\/ru\/wp-json\/wp\/v2\/users\/1"}],"replies":[{"embeddable":true,"href":"https:\/\/puhver.ee\/ru\/wp-json\/wp\/v2\/comments?post=3433"}],"version-history":[{"count":0,"href":"https:\/\/puhver.ee\/ru\/wp-json\/wp\/v2\/pages\/3433\/revisions"}],"wp:attachment":[{"href":"https:\/\/puhver.ee\/ru\/wp-json\/wp\/v2\/media?parent=3433"}],"curies":[{"name":"wp","href":"https:\/\/api.w.org\/{rel}","templated":true}]}}