{"id":3554,"date":"2023-10-27T20:23:44","date_gmt":"2023-10-27T17:23:44","guid":{"rendered":"https:\/\/puhver.ee\/privaatsuspoliitika\/"},"modified":"2023-10-27T20:23:46","modified_gmt":"2023-10-27T17:23:46","slug":"privaatsuspoliitika","status":"publish","type":"page","link":"https:\/\/puhver.ee\/en\/privaatsuspoliitika\/","title":{"rendered":"Privaatsuspoliitika"},"content":{"rendered":"<h2 class=\"wp-el wp-block-heading\" id=\"vastutav-andmetootleja\">Vastutav andmet\u00f6\u00f6tleja<\/h2><p class=\"wp-el\">Laagri Kinnisvara O\u00dc<br\/>Registrikood: 14867139<br\/>Tondi tn 51-27, 11316 Tallinn<br\/><a href=\"mailto:info@combicon.ee\">info@puhver.ee<\/a><\/p><p class=\"wp-el\">Isikuandmed on andmed, mida kogume teenuse osutamiseks, isiku tuvastamiseks, isikuga \u00fchenduse v\u00f5tmiseks teenuse osutamiseks v\u00f5i k\u00fcsimuste lahendamiseks. Me ei t\u00f6\u00f6tle Euroopa Parlamendi ja N\u00f5ukogu M\u00e4\u00e4ruses (EL) 2016\/679 (inglise keeles General Data Protection Regulation ehk GDPR v\u00f5i EU Regulation 2016\/679) defineeritud delikaatseid isikuandmeid.<\/p><h2 class=\"wp-el wp-block-heading\" id=\"moisted\">M\u00f5isted<\/h2><p class=\"wp-el\">Vastutav t\u00f6\u00f6tleja on f\u00fc\u00fcsiline v\u00f5i juriidiline isik, avaliku sektori asutus, amet v\u00f5i muu organ, kes m\u00e4\u00e4rab kindlaks isikuandmete t\u00f6\u00f6tlemise eesm\u00e4rgid ja vahendid;<\/p><p class=\"wp-el\">Volitatud t\u00f6\u00f6tleja on f\u00fc\u00fcsiline v\u00f5i juriidiline isik, avaliku sektori asutus, amet v\u00f5i muu organ, kes t\u00f6\u00f6tleb isikuandmeid vastutava t\u00f6\u00f6tleja nimel;<\/p><p class=\"wp-el\">Isikuandmed on igasugune teave tuvastatud v\u00f5i tuvastatava f\u00fc\u00fcsilise isiku (\u201candmesubjekti\u201d) kohta; tuvastatav f\u00fc\u00fcsiline isik on isik, keda saab otseselt v\u00f5i kaudselt tuvastada, eelk\u00f5ige sellise identifitseerimistunnuse p\u00f5hjal nagu nimi, isikukood, asukohateave, v\u00f5rguidentifikaator v\u00f5i selle f\u00fc\u00fcsilise isiku \u00fche v\u00f5i mitme f\u00fc\u00fcsilise, f\u00fcsioloogilise, geneetilise, vaimse, majandusliku, kultuurilise v\u00f5i sotsiaalse tunnuse p\u00f5hjal;<\/p><p class=\"wp-el\">Isikuandmete t\u00f6\u00f6tlemine \u2013 isikuandmete v\u00f5i nende kogumitega tehtav automatiseeritud v\u00f5i automatiseerimata toiming v\u00f5i toimingute kogum, nagu kogumine, dokumenteerimine, korrastamine, struktureerimine, s\u00e4ilitamine, kohandamine ja muutmine, p\u00e4ringute tegemine, lugemine, kasutamine, edastamise, levitamise v\u00f5i muul moel k\u00e4ttesaadavaks tegemise teel avalikustamine, \u00fchitamine v\u00f5i \u00fchendamine, piiramine, kustutamine v\u00f5i h\u00e4vitamine;<\/p><p class=\"wp-el\">\u201cK\u00fcpsis\u201d (cookie) on v\u00e4ike tekstifail, mille veebileht salvestab kodulehe k\u00fclastaja arvutisse v\u00f5i nutiseadmesse. See v\u00f5imaldab talletada infot eelistuste kohta, nii et kodulehe k\u00fclastaja ei pea seda lehte taas k\u00fclastades v\u00f5i lehti sirvides uuesti valikuid tegema.<\/p><h2 class=\"wp-el wp-block-heading\" id=\"milliseid-isikuandmeid-ning-mis-eesmargil-me-kogume\">Milliseid isikuandmeid ning mis eesm\u00e4rgil me kogume?<\/h2><p class=\"wp-el\">Ettev\u00f5te Laagri Kinnisvara O\u00dc kogub j\u00e4rgmisi andmeid tellimuse t\u00f6\u00f6tlemiseks ja \u00fc\u00fcrilepingu ettevalmistamiseks:<\/p><ul class=\"wp-el wp-block-list\"><li>Eesnimi<\/li><li>Perenimi<\/li><li>Isikukood<\/li><li>Riik\/piirkond<\/li><li>T\u00e4nav ja majanumber<\/li><li>Sihtnumber<\/li><li>Linn\/Alev\/K\u00fcla<\/li><li>Telefoninumber<\/li><li>E-posti aadress<\/li><li>Ettev\u00f5tte nimi (valikuline)<\/li><li>Ettev\u00f5tte juriidiline aadress (valikuline)<\/li><li>Ettev\u00f5tte registrikood (valikuline)<\/li><\/ul><p class=\"wp-el\">\u00d5iguslik alus taoliseks isikuandmete t\u00f6\u00f6tlemiseks on isikuandmete t\u00f6\u00f6tlemine andmesubjekti osalusel s\u00f5lmitud lepingu t\u00e4itmiseks v\u00f5i lepingu s\u00f5lmimisele eelnevate meetmete v\u00f5tmiseks vastavalt andmesubjekti taotlusele (GDPR Art 6(1)(b)).<\/p><h2 class=\"wp-el wp-block-heading\" id=\"veebilehe-sirvimise-statistika\">Veebilehe sirvimise statistika<\/h2><p class=\"wp-el\">Veebilehtede k\u00fclastamisel kogutakse k\u00fclastaja kohta isikustamata tehnilisi andmeid. Tehnilised andmed piirduvad kasutatava arvuti v\u00f5i arvutiv\u00f5rgu internetiaadressiga (IP-aadress), arvuti veebilehitseja ja operatsioonis\u00fcsteemi tarkvaraversiooniga, k\u00fclastamise aja (kellaaeg, kuup\u00e4ev, aasta) ja \u00fcldistatud asukohaga. IP-aadresse ei seota isikut tuvastava teabega. \u00dclalpool nimetatud andmete kogumiseks kasutame automatiseeritud t\u00f6\u00f6riista Google Analytics. Kui te ei soovi enda kohta neid andmeid edastada, saate igal ajal keelata oma andmete kogumise Google Analytics\u2019i poolt.<\/p><h2 class=\"wp-el wp-block-heading\" id=\"kupsised\">K\u00fcpsised<\/h2><p class=\"wp-el\">Meie veebilehed kasutavad k\u00fcpsiseid pakutavate teenuste kvaliteedi parandamiseks. Kasutame seansik\u00fcpsiseid, p\u00fcsik\u00fcpsiseid ja kolmanda osapoole k\u00fcpsiseid (Google Analytics, Google Ads, Facebook) uute ja korduvk\u00fclastajate identifitseerimiseks.<\/p><p class=\"wp-el\">Kasutame k\u00fcpsiseid veebilehe k\u00fclastaja eelistuste meelde j\u00e4tmiseks nagu keel, v\u00e4rvide kontrastid, kirja suurus v\u00f5i kas k\u00fclastaja on (v\u00f5i ei ole) n\u00f5ustunud meie k\u00fcpsistega sellel lehek\u00fcljel.<\/p><p class=\"wp-el\">Lisaks aitavad k\u00fcpsised koguda kasutajastatistikat, mis v\u00f5imaldab m\u00f5\u00f5ta ja parandada veebilehe toimivust ning annab alusandmed, et viia l\u00e4bi efektiivne turundustegevus.<\/p><p class=\"wp-el\">K\u00fcpsiste lubamine ei ole v\u00e4ltimatult vajalik veebilehe p\u00f5hifunktsioonide toimimiseks, kuid annab parema lehitsemiskogemuse. Soovi korral v\u00f5ib veebilehe k\u00fclastaja alati k\u00fcpsised kustutada v\u00f5i blokeerida, kuid seda tehes ei pruugi veebilehe m\u00f5ned funktsioonid t\u00f6\u00f6tada soovitud viisil.<\/p><p class=\"wp-el\">Arvestama peab, et m\u00f5ned k\u00fcpsised p\u00e4rinevad kolmandast isikust teenusepakkujalt, kes t\u00e4idab m\u00f5nda neist \u00fclesannetest meie asemel. K\u00fcpsiseid ei kasutata \u00fchekski muuks otstarbeks kui eelnevalt kirjeldatud.<\/p><h2 class=\"wp-el wp-block-heading\" id=\"kui-kaua-me-andmeid-sailitame\">Kui kaua me andmeid s\u00e4ilitame?<\/h2><p class=\"wp-el\">Veebilehel kogutud isikustamata tehnilisi andmeid s\u00e4ilitatakse t\u00e4htajatult.<\/p><p class=\"wp-el\">Isiku- ja kliendiandmeid s\u00e4ilitame nii kaua, kuni see on vajalik:<\/p><ul class=\"wp-el wp-block-list\"><li>Teenuste ja informatsiooni toimetamiseks<\/li><li>Esitatud tellimuste puhul teenuse osutamiseks ja suhtlemiseks<\/li><li>Valikute ja \u00f5iguste teostamise tagamiseks<\/li><\/ul><h2 class=\"wp-el wp-block-heading\" id=\"isikuandmete-jagamine\">Isikuandmete jagamine<\/h2><p class=\"wp-el\">V\u00f5ime muuta veebilehe k\u00fclastajate isikuandmed, kliendiandmed v\u00f5i \u00e4riinfo k\u00e4ttesaadavaks firmadele, mis pakuvad meie \u00e4ritegevust toetavaid teenuseid nagu veebilehe anal\u00fc\u00fctikud v\u00f5i klienditeeninduse pakkujad. Need firmad on volitatud kasutama isikuandmeid, kliendiandmeid v\u00f5i \u00e4riinfot ainult selleks, et osutada meile teenuseid. Teenusepakkujate valikul j\u00e4lgime, et teenusepakkuja asuks Euroopa majanduspiirkonnas.<\/p><p class=\"wp-el\">Jagame veebilehe k\u00fclastajate isikuandmeid, kliendiandmeid v\u00f5i \u00e4riinfot kolmandatele isikutele ainult privaatsusteatises kirjeldatud viisil. Me ei m\u00fc\u00fc veebilehe k\u00fclastajate isikuandmeid kolmandatele isikutele.<\/p><h2 class=\"wp-el wp-block-heading\" id=\"oigused\">\u00d5igused<\/h2><p class=\"wp-el\">Teatud juhtudel on Teil veebilehe k\u00fclastajana \u00f5igus n\u00f5uda enda kohta k\u00e4ivate isikuandmete t\u00f6\u00f6tlemise piiramist ja \u00f5igus esitada vastuv\u00e4iteid enda kohta k\u00e4ivate isikuandmete t\u00f6\u00f6tlemisele. Kui leiate veebilehe k\u00fclastajana, et Teie privaatsust on kuritarvitatud, siis palume v\u00f5tta \u00fchendust vastutava andmet\u00f6\u00f6tlejaga. Samuti on Teil \u00f5igus esitada kaebus Andmekaitse Inspektsioonile.<\/p><h2 class=\"wp-el wp-block-heading\" id=\"isikuandmete-tootlemiseks-antud-nousoleku-tagasivotmine\">Isikuandmete t\u00f6\u00f6tlemiseks antud n\u00f5usoleku tagasiv\u00f5tmine<\/h2><p class=\"wp-el\">Kui Te soovite olla nii-\u00f6elda unustatud, palume Teil sellest meile teada anda kirjutades e-posti aadressile <a href=\"mailto:info@combicon.ee\">info@puhver.ee<\/a>. Sooviavalduse alusel eemaldame me Teie p\u00e4ringu(te)ga seotud informatsiooni oma s\u00fcsteemidest.<\/p>","protected":false},"excerpt":{"rendered":"<p>Vastutav andmet\u00f6\u00f6tleja Laagri Kinnisvara O\u00dcRegistrikood: 14867139Tondi tn 51-27, 11316 Tallinninfo@puhver.ee Isikuandmed on andmed, mida kogume teenuse osutamiseks, isiku tuvastamiseks, isikuga&#8230;<\/p>\n","protected":false},"author":1,"featured_media":0,"parent":0,"menu_order":8000,"comment_status":"closed","ping_status":"closed","template":"","meta":{"_acf_changed":false,"inline_featured_image":false,"footnotes":""},"class_list":["post-3554","page","type-page","status-publish","hentry"],"acf":[],"_links":{"self":[{"href":"https:\/\/puhver.ee\/en\/wp-json\/wp\/v2\/pages\/3554","targetHints":{"allow":["GET"]}}],"collection":[{"href":"https:\/\/puhver.ee\/en\/wp-json\/wp\/v2\/pages"}],"about":[{"href":"https:\/\/puhver.ee\/en\/wp-json\/wp\/v2\/types\/page"}],"author":[{"embeddable":true,"href":"https:\/\/puhver.ee\/en\/wp-json\/wp\/v2\/users\/1"}],"replies":[{"embeddable":true,"href":"https:\/\/puhver.ee\/en\/wp-json\/wp\/v2\/comments?post=3554"}],"version-history":[{"count":3,"href":"https:\/\/puhver.ee\/en\/wp-json\/wp\/v2\/pages\/3554\/revisions"}],"predecessor-version":[{"id":3557,"href":"https:\/\/puhver.ee\/en\/wp-json\/wp\/v2\/pages\/3554\/revisions\/3557"}],"wp:attachment":[{"href":"https:\/\/puhver.ee\/en\/wp-json\/wp\/v2\/media?parent=3554"}],"curies":[{"name":"wp","href":"https:\/\/api.w.org\/{rel}","templated":true}]}}